{"id":1932,"date":"2025-03-14T13:08:35","date_gmt":"2025-03-14T12:08:35","guid":{"rendered":"https:\/\/www.degesa-fire-systems.de\/?page_id=1932"},"modified":"2026-01-30T14:11:06","modified_gmt":"2026-01-30T13:11:06","slug":"project-management-with-a-focus-on-fire-protection-technology-m-f-d","status":"publish","type":"page","link":"https:\/\/www.degesa-fire-systems.de\/en\/career\/project-management-with-a-focus-on-fire-protection-technology-m-f-d\/","title":{"rendered":"Project management with a focus on fire protection technology (m\/f\/d)"},"content":{"rendered":"\n            <div class=\"block-text\" id=\"block-0\">\n                            <div class=\"headline\">\n                    <h2 class=\"title\">Project management with a focus on fire protection technology (m\/f\/d)<\/h2>\n                <\/div>\n            \n                            <p>Are you looking for a place where you can contribute, be supported and have unlimited opportunities for advancement? To strengthen our team, we are looking for a full-time Project Manager with a focus on fire protection technology (m\/f\/d) to start as soon as possible.<\/p>\n            \t\n\n                    <\/div>\n    \n\n\n            <div class=\"button-application_form\">\n            <a class=\"btn btn-outline\" href=\"https:\/\/degesa-fire-systems.de\/karriere\/bewerbung\/?job-title=Project%20management%20with%20a%20focus%20on%20fire%20protection%20technology%20(m\/f\/d)\" target=\"\">\n                Application            <\/a>\n        <\/div>\n    \n\n\n            <div class=\"block-text\" id=\"block-1\">\n                            <div class=\"headline\">\n                    <h2 class=\"title\">What makes you stand out?<\/h2>\n                <\/div>\n            \n                            <ul>\n<li>You are enthusiastic and curious about innovative technologies.<\/li>\n<li>Your heart beats for quality<\/li>\n<li>You enjoy making decisions.<\/li>\n<li>You feel comfortable in a leadership role.<\/li>\n<li>Your approach to work is objective and rational.<\/li>\n<li>You want a controlled working environment that you can design yourself<\/li>\n<li>Dealing with people on a professional level comes easily to you.<\/li>\n<li>You are a born problem solver.<\/li>\n<\/ul>\n            \t\n\n                    <\/div>\n    \n\n\n            <div class=\"block-text\" id=\"block-2\">\n                            <div class=\"headline\">\n                    <h2 class=\"title\">Your responsibilities<\/h2>\n                <\/div>\n            \n                            <ul>\n<li>You are the main contact person for our customers and know how to develop and present tailor-made solutions for them based on their needs.<\/li>\n<li>You will take on the commercial and technical management of your projects \u2013 from the initial quotation to completion.<\/li>\n<li>You always keep an eye on your project budgets and coordinate all resources accordingly.<\/li>\n<li>You manage and coordinate our partners and subcontractors within the scope of your projects.<\/li>\n<li>You ensure that all relevant laws and standards are complied with.<\/li>\n<li>Quality assurance and documentation of your projects are constant companions in your work.<\/li>\n<\/ul>\n            \t\n\n                    <\/div>\n    \n\n\n            <div class=\"block-text\" id=\"block-3\">\n                            <div class=\"headline\">\n                    <h2 class=\"title\">Your profile<\/h2>\n                <\/div>\n            \n                            <ul>\n<li>Completed training or studies in relevant fields<\/li>\n<li>You have experience with fire protection technology and electrical installations.<\/li>\n<li>You have commercial acumen and negotiating skills.<\/li>\n<li>You are familiar with the relevant laws and standards and can apply them.<\/li>\n<li>Initial experience with ERP programmes and CAD drawing programmes desirable<\/li>\n<li>Knowledge of MS Office (Word, Excel, Outlook)<\/li>\n<li>Good knowledge of German, knowledge of English an advantage<\/li>\n<li>Class 3 or Class B driving licence<\/li>\n<\/ul>\n            \t\n\n                    <\/div>\n    \n\n\n            <div class=\"block-text\" id=\"block-4\">\n                            <div class=\"headline\">\n                    <h2 class=\"title\">What do we offer you?<\/h2>\n                <\/div>\n            \n                            <ul>\n<li>A family-run company with an open working atmosphere, fair treatment and team spirit<\/li>\n<li>Flat hierarchies &amp; quick decisions<\/li>\n<li>Above-average pay<\/li>\n<li>Bonus payments for company success<\/li>\n<li>Company cars also for private use<\/li>\n<li>Flexible working hours and working from home by arrangement<\/li>\n<li>Subsidy for occupational pension schemes<\/li>\n<li>Training and further education opportunities<\/li>\n<li>Regular staff events, monthly games night and get-together<\/li>\n<li>Is there something missing from the list? No problem \u2013 let us know and we&#8217;ll discuss it!<\/li>\n<\/ul>\n            \t\n\n                    <\/div>\n    \n\n\n            <div class=\"button-application_form\">\n            <a class=\"btn btn-outline\" href=\"https:\/\/degesa-fire-systems.de\/karriere\/bewerbung\/?job-title=Project%20management%20with%20a%20focus%20on%20fire%20protection%20technology%20(m\/f\/d)\" target=\"\">\n                Application            <\/a>\n        <\/div>\n    \n\n\n<div class=\"block-accordion\" id=\"block-5\">\n            <div class=\"headline\">\n            <h2 class=\"title h2\">FAQs<\/h2>\n        <\/div>\n    \n            <div class=\"accordion\" id=\"accordionBox\">\n                            <div class=\"accordion-item\">\n                    <h3 class=\"accordion-header\" id=\"heading0\">\n                        <button class=\"accordion-button \" \n                                type=\"button\" \n                                data-bs-toggle=\"collapse\" \n                                data-bs-target=\"#collapse0\" \n                                aria-expanded=\"true\" \n                                aria-controls=\"collapse0\">\n                            What exactly does degesa fire systems do?                        <\/button>\n                    <\/h3>\n                    <div id=\"collapse0\" \n                        class=\"accordion-collapse collapse show\" \n                        aria-labelledby=\"heading0\" \n                        data-bs-parent=\"#accordionBox\">\n                        <div class=\"accordion-body\">\n                                                            <div class=\"text text-medium\">\n                                    <p>degesa fire systems is a company specialising in technical fire protection and special extinguishing technology. Our customers are mostly commercial or industrial companies that require technical fire protection solutions either in their own interest or due to requirements imposed by property insurers, for example.<\/p>\n<p>We discuss the customer&#8217;s needs with them and then develop a tailor-made solution, which we offer to them. Often, several discussions take place over a longer period of time until the customer decides on a solution.<\/p>\n<p>When an order is placed, the corresponding system is planned, installed at the customer&#8217;s premises or delivered to them, and subsequently checked regularly as part of a maintenance and servicing contract.<\/p>\n                                <\/div>\n                            \n                                                    <\/div>\n                    <\/div>\n                <\/div>\n                            <div class=\"accordion-item\">\n                    <h3 class=\"accordion-header\" id=\"heading1\">\n                        <button class=\"accordion-button collapsed\" \n                                type=\"button\" \n                                data-bs-toggle=\"collapse\" \n                                data-bs-target=\"#collapse1\" \n                                aria-expanded=\"false\" \n                                aria-controls=\"collapse1\">\n                            Who exactly are you looking for?                        <\/button>\n                    <\/h3>\n                    <div id=\"collapse1\" \n                        class=\"accordion-collapse collapse \" \n                        aria-labelledby=\"heading1\" \n                        data-bs-parent=\"#accordionBox\">\n                        <div class=\"accordion-body\">\n                                                            <div class=\"text text-medium\">\n                                    <p>Essentially, we are seeking individuals who are enthusiastic about technical solutions and enjoy making a significant impact as part of a small team.<\/p>\n<p>We have a wide range of tasks, so there is something for everyone.<\/p>\n<p>We are not a large corporation, but a medium-sized company where everyone knows each other and works closely together. This means that there is always a friendly atmosphere and team spirit is our top priority. At the same time, this also entails a certain amount of responsibility for each individual. It is important that we can rely on each other.<\/p>\n                                <\/div>\n                            \n                                                    <\/div>\n                    <\/div>\n                <\/div>\n                            <div class=\"accordion-item\">\n                    <h3 class=\"accordion-header\" id=\"heading2\">\n                        <button class=\"accordion-button collapsed\" \n                                type=\"button\" \n                                data-bs-toggle=\"collapse\" \n                                data-bs-target=\"#collapse2\" \n                                aria-expanded=\"false\" \n                                aria-controls=\"collapse2\">\n                            How much can I earn with you                        <\/button>\n                    <\/h3>\n                    <div id=\"collapse2\" \n                        class=\"accordion-collapse collapse \" \n                        aria-labelledby=\"heading2\" \n                        data-bs-parent=\"#accordionBox\">\n                        <div class=\"accordion-body\">\n                                                            <div class=\"text text-medium\">\n                                    <p>How much you can earn with us depends on several factors. Basically, there is no upper limit.<\/p>\n<p>In addition to your personal performance and the responsibility you take on, we also value things such as your loyalty to the company or whether you actively participate in training new employees, for example.<\/p>\n<p>Finally, we will endeavour to put together a personalised package of benefits that will provide you with the best possible support on your journey and ensure your long-term satisfaction.<\/p>\n                                <\/div>\n                            \n                                                    <\/div>\n                    <\/div>\n                <\/div>\n                            <div class=\"accordion-item\">\n                    <h3 class=\"accordion-header\" id=\"heading3\">\n                        <button class=\"accordion-button collapsed\" \n                                type=\"button\" \n                                data-bs-toggle=\"collapse\" \n                                data-bs-target=\"#collapse3\" \n                                aria-expanded=\"false\" \n                                aria-controls=\"collapse3\">\n                            What specific benefits do you offer                        <\/button>\n                    <\/h3>\n                    <div id=\"collapse3\" \n                        class=\"accordion-collapse collapse \" \n                        aria-labelledby=\"heading3\" \n                        data-bs-parent=\"#accordionBox\">\n                        <div class=\"accordion-body\">\n                                                            <div class=\"text text-medium\">\n                                    <p>Everything you can imagine.<\/p>\n<p>It is important to us that you enjoy your job with us and want to stay with us for the long term. For this to work, the interests of both sides must be taken into account.<\/p>\n<p>Want to buy a house or flat and save up for it? No problem, we are happy to support you with financial incentives, performance bonuses and allowances.<\/p>\n<p>Want to see the world and need time to do so? No problem, we&#8217;ll be happy to work with you to come up with a plan that will enable you to make your dream come true.<\/p>\n<p>Do you have children and need to remain flexible in your job? No problem \u2013 we have plenty of tasks that can be done in the morning or evening, on Wednesday or Saturday. Together, we will find a way for you to balance your job and family life.<\/p>\n                                <\/div>\n                            \n                                                    <\/div>\n                    <\/div>\n                <\/div>\n                            <div class=\"accordion-item\">\n                    <h3 class=\"accordion-header\" id=\"heading4\">\n                        <button class=\"accordion-button collapsed\" \n                                type=\"button\" \n                                data-bs-toggle=\"collapse\" \n                                data-bs-target=\"#collapse4\" \n                                aria-expanded=\"false\" \n                                aria-controls=\"collapse4\">\n                            Which company car can I drive with you                        <\/button>\n                    <\/h3>\n                    <div id=\"collapse4\" \n                        class=\"accordion-collapse collapse \" \n                        aria-labelledby=\"heading4\" \n                        data-bs-parent=\"#accordionBox\">\n                        <div class=\"accordion-body\">\n                                                            <div class=\"text text-medium\">\n                                    <p>F\u00fcr uns ist wichtig, dass dein Firmenwagen den dienstlichen Zweck erf\u00fcllt und preislich im Verh\u00e4ltnis zu deinem Gehalt steht, damit es f\u00fcr alle im Team fair bleibt.<\/p>\n<p>Du bewirbst dich als Techniker oder Monteur? Dann wird dein Firmenwagen z.B. ein Mercedes Vito, da du Werkzeug und Leiter transportieren musst.<\/p>\n<p>Du bewirbst dich als Projektleiter? Dann sollte zumindest eine Grundaustattung Werkzeug ins Auto passen, z.B. ein Kombi oder SUV.<\/p>\n<p>Du bewirbst dich im Au\u00dfendienst? Dann wirst du viel Langstrecke fahren, also sollte dein Fahrzeug ein Diesel sein und eine gute Freisprecheinrichtung haben \ud83d\ude09<\/p>\n                                <\/div>\n                            \n                                                    <\/div>\n                    <\/div>\n                <\/div>\n                    <\/div>\n    <\/div>\n","protected":false},"excerpt":{"rendered":"","protected":false},"author":5,"featured_media":0,"parent":1717,"menu_order":0,"comment_status":"closed","ping_status":"closed","template":"template-sidebar.php","meta":{"_acf_changed":false,"footnotes":""},"class_list":["post-1932","page","type-page","status-publish","hentry"],"acf":[],"yoast_head":"<!-- This site is optimized with the Yoast SEO plugin v26.2 - https:\/\/yoast.com\/wordpress\/plugins\/seo\/ -->\n<title>Project management with a focus on fire protection technology (m\/f\/d) | degesa fire systems gmbh<\/title>\n<meta name=\"robots\" content=\"index, follow, max-snippet:-1, max-image-preview:large, max-video-preview:-1\" \/>\n<link rel=\"canonical\" href=\"https:\/\/www.degesa-fire-systems.de\/en\/career\/project-management-with-a-focus-on-fire-protection-technology-m-f-d\/\" \/>\n<meta property=\"og:locale\" content=\"en_US\" \/>\n<meta property=\"og:type\" content=\"article\" \/>\n<meta property=\"og:title\" content=\"Project management with a focus on fire protection technology (m\/f\/d) | degesa fire systems gmbh\" \/>\n<meta property=\"og:url\" content=\"https:\/\/www.degesa-fire-systems.de\/en\/career\/project-management-with-a-focus-on-fire-protection-technology-m-f-d\/\" \/>\n<meta property=\"og:site_name\" content=\"degesa fire systems gmbh\" \/>\n<meta property=\"article:modified_time\" content=\"2026-01-30T13:11:06+00:00\" \/>\n<meta name=\"twitter:card\" content=\"summary_large_image\" \/>\n<script type=\"application\/ld+json\" class=\"yoast-schema-graph\">{\"@context\":\"https:\/\/schema.org\",\"@graph\":[{\"@type\":\"WebPage\",\"@id\":\"https:\/\/www.degesa-fire-systems.de\/en\/career\/project-management-with-a-focus-on-fire-protection-technology-m-f-d\/\",\"url\":\"https:\/\/www.degesa-fire-systems.de\/en\/career\/project-management-with-a-focus-on-fire-protection-technology-m-f-d\/\",\"name\":\"Project management with a focus on fire protection technology (m\/f\/d) | degesa fire systems gmbh\",\"isPartOf\":{\"@id\":\"https:\/\/www.degesa-fire-systems.de\/#website\"},\"datePublished\":\"2025-03-14T12:08:35+00:00\",\"dateModified\":\"2026-01-30T13:11:06+00:00\",\"breadcrumb\":{\"@id\":\"https:\/\/www.degesa-fire-systems.de\/en\/career\/project-management-with-a-focus-on-fire-protection-technology-m-f-d\/#breadcrumb\"},\"inLanguage\":\"en-US\",\"potentialAction\":[{\"@type\":\"ReadAction\",\"target\":[\"https:\/\/www.degesa-fire-systems.de\/en\/career\/project-management-with-a-focus-on-fire-protection-technology-m-f-d\/\"]}]},{\"@type\":\"BreadcrumbList\",\"@id\":\"https:\/\/www.degesa-fire-systems.de\/en\/career\/project-management-with-a-focus-on-fire-protection-technology-m-f-d\/#breadcrumb\",\"itemListElement\":[{\"@type\":\"ListItem\",\"position\":1,\"name\":\"Startseite\",\"item\":\"https:\/\/www.degesa-fire-systems.de\/en\/\"},{\"@type\":\"ListItem\",\"position\":2,\"name\":\"Career\",\"item\":\"https:\/\/www.degesa-fire-systems.de\/en\/career\/\"},{\"@type\":\"ListItem\",\"position\":3,\"name\":\"Project management with a focus on fire protection technology (m\/f\/d)\"}]},{\"@type\":\"WebSite\",\"@id\":\"https:\/\/www.degesa-fire-systems.de\/#website\",\"url\":\"https:\/\/www.degesa-fire-systems.de\/\",\"name\":\"degesa Fire Systems\",\"description\":\"\",\"publisher\":{\"@id\":\"https:\/\/www.degesa-fire-systems.de\/#organization\"},\"alternateName\":\"degesa Fire Systems\",\"potentialAction\":[{\"@type\":\"SearchAction\",\"target\":{\"@type\":\"EntryPoint\",\"urlTemplate\":\"https:\/\/www.degesa-fire-systems.de\/?s={search_term_string}\"},\"query-input\":{\"@type\":\"PropertyValueSpecification\",\"valueRequired\":true,\"valueName\":\"search_term_string\"}}],\"inLanguage\":\"en-US\"},{\"@type\":\"Organization\",\"@id\":\"https:\/\/www.degesa-fire-systems.de\/#organization\",\"name\":\"degesa fire systems GmbH\",\"url\":\"https:\/\/www.degesa-fire-systems.de\/\",\"logo\":{\"@type\":\"ImageObject\",\"inLanguage\":\"en-US\",\"@id\":\"https:\/\/www.degesa-fire-systems.de\/#\/schema\/logo\/image\/\",\"url\":\"http:\/\/degesa-fire-systems.de\/wp-content\/uploads\/2025\/01\/degesa-fire-systems-logo.svg\",\"contentUrl\":\"http:\/\/degesa-fire-systems.de\/wp-content\/uploads\/2025\/01\/degesa-fire-systems-logo.svg\",\"width\":1,\"height\":1,\"caption\":\"degesa fire systems GmbH\"},\"image\":{\"@id\":\"https:\/\/www.degesa-fire-systems.de\/#\/schema\/logo\/image\/\"},\"sameAs\":[\"https:\/\/www.linkedin.com\/company\/degesa-fire-systems\/\"]}]}<\/script>\n<!-- \/ Yoast SEO plugin. -->","yoast_head_json":{"title":"Project management with a focus on fire protection technology (m\/f\/d) | degesa fire systems gmbh","robots":{"index":"index","follow":"follow","max-snippet":"max-snippet:-1","max-image-preview":"max-image-preview:large","max-video-preview":"max-video-preview:-1"},"canonical":"https:\/\/www.degesa-fire-systems.de\/en\/career\/project-management-with-a-focus-on-fire-protection-technology-m-f-d\/","og_locale":"en_US","og_type":"article","og_title":"Project management with a focus on fire protection technology (m\/f\/d) | degesa fire systems gmbh","og_url":"https:\/\/www.degesa-fire-systems.de\/en\/career\/project-management-with-a-focus-on-fire-protection-technology-m-f-d\/","og_site_name":"degesa fire systems gmbh","article_modified_time":"2026-01-30T13:11:06+00:00","twitter_card":"summary_large_image","schema":{"@context":"https:\/\/schema.org","@graph":[{"@type":"WebPage","@id":"https:\/\/www.degesa-fire-systems.de\/en\/career\/project-management-with-a-focus-on-fire-protection-technology-m-f-d\/","url":"https:\/\/www.degesa-fire-systems.de\/en\/career\/project-management-with-a-focus-on-fire-protection-technology-m-f-d\/","name":"Project management with a focus on fire protection technology (m\/f\/d) | degesa fire systems gmbh","isPartOf":{"@id":"https:\/\/www.degesa-fire-systems.de\/#website"},"datePublished":"2025-03-14T12:08:35+00:00","dateModified":"2026-01-30T13:11:06+00:00","breadcrumb":{"@id":"https:\/\/www.degesa-fire-systems.de\/en\/career\/project-management-with-a-focus-on-fire-protection-technology-m-f-d\/#breadcrumb"},"inLanguage":"en-US","potentialAction":[{"@type":"ReadAction","target":["https:\/\/www.degesa-fire-systems.de\/en\/career\/project-management-with-a-focus-on-fire-protection-technology-m-f-d\/"]}]},{"@type":"BreadcrumbList","@id":"https:\/\/www.degesa-fire-systems.de\/en\/career\/project-management-with-a-focus-on-fire-protection-technology-m-f-d\/#breadcrumb","itemListElement":[{"@type":"ListItem","position":1,"name":"Startseite","item":"https:\/\/www.degesa-fire-systems.de\/en\/"},{"@type":"ListItem","position":2,"name":"Career","item":"https:\/\/www.degesa-fire-systems.de\/en\/career\/"},{"@type":"ListItem","position":3,"name":"Project management with a focus on fire protection technology (m\/f\/d)"}]},{"@type":"WebSite","@id":"https:\/\/www.degesa-fire-systems.de\/#website","url":"https:\/\/www.degesa-fire-systems.de\/","name":"degesa Fire Systems","description":"","publisher":{"@id":"https:\/\/www.degesa-fire-systems.de\/#organization"},"alternateName":"degesa Fire Systems","potentialAction":[{"@type":"SearchAction","target":{"@type":"EntryPoint","urlTemplate":"https:\/\/www.degesa-fire-systems.de\/?s={search_term_string}"},"query-input":{"@type":"PropertyValueSpecification","valueRequired":true,"valueName":"search_term_string"}}],"inLanguage":"en-US"},{"@type":"Organization","@id":"https:\/\/www.degesa-fire-systems.de\/#organization","name":"degesa fire systems GmbH","url":"https:\/\/www.degesa-fire-systems.de\/","logo":{"@type":"ImageObject","inLanguage":"en-US","@id":"https:\/\/www.degesa-fire-systems.de\/#\/schema\/logo\/image\/","url":"http:\/\/degesa-fire-systems.de\/wp-content\/uploads\/2025\/01\/degesa-fire-systems-logo.svg","contentUrl":"http:\/\/degesa-fire-systems.de\/wp-content\/uploads\/2025\/01\/degesa-fire-systems-logo.svg","width":1,"height":1,"caption":"degesa fire systems GmbH"},"image":{"@id":"https:\/\/www.degesa-fire-systems.de\/#\/schema\/logo\/image\/"},"sameAs":["https:\/\/www.linkedin.com\/company\/degesa-fire-systems\/"]}]}},"_links":{"self":[{"href":"https:\/\/www.degesa-fire-systems.de\/en\/wp-json\/wp\/v2\/pages\/1932","targetHints":{"allow":["GET"]}}],"collection":[{"href":"https:\/\/www.degesa-fire-systems.de\/en\/wp-json\/wp\/v2\/pages"}],"about":[{"href":"https:\/\/www.degesa-fire-systems.de\/en\/wp-json\/wp\/v2\/types\/page"}],"author":[{"embeddable":true,"href":"https:\/\/www.degesa-fire-systems.de\/en\/wp-json\/wp\/v2\/users\/5"}],"replies":[{"embeddable":true,"href":"https:\/\/www.degesa-fire-systems.de\/en\/wp-json\/wp\/v2\/comments?post=1932"}],"version-history":[{"count":4,"href":"https:\/\/www.degesa-fire-systems.de\/en\/wp-json\/wp\/v2\/pages\/1932\/revisions"}],"predecessor-version":[{"id":2010,"href":"https:\/\/www.degesa-fire-systems.de\/en\/wp-json\/wp\/v2\/pages\/1932\/revisions\/2010"}],"up":[{"embeddable":true,"href":"https:\/\/www.degesa-fire-systems.de\/en\/wp-json\/wp\/v2\/pages\/1717"}],"wp:attachment":[{"href":"https:\/\/www.degesa-fire-systems.de\/en\/wp-json\/wp\/v2\/media?parent=1932"}],"curies":[{"name":"wp","href":"https:\/\/api.w.org\/{rel}","templated":true}]}}